{"id":129,"date":"2017-07-31T10:55:45","date_gmt":"2017-07-31T10:55:45","guid":{"rendered":"http:\/\/www.the-twins.de\/wpcms\/?page_id=129"},"modified":"2023-05-13T14:04:17","modified_gmt":"2023-05-13T12:04:17","slug":"twinfo-d","status":"publish","type":"page","link":"https:\/\/www.the-twins.de\/wpcms\/de\/twinfo-d\/","title":{"rendered":"Twinfo"},"content":{"rendered":"<p><span style=\"font-size: large;\">Pers\u00f6nliche Informationen \u00fcber Sven und Ronny<\/span><\/p>\n<table style=\"border-collapse: collapse; width: 100%;\">\n<tbody>\n<tr>\n<td style=\"text-align: right;\">\n<h4>Ronny Schreinzer<\/h4>\n<\/td>\n<td style=\"width: 50%;\"><span style=\"font-size: large;\"><b><i><img decoding=\"async\" src=\"http:\/\/www.the-twins.de\/jpg\/ronny.jpg\" alt=\"\" border=\"0\"><\/i><\/b><\/span><\/td>\n<\/tr>\n<tr>\n<td style=\"width: 50%; text-align: right;\"><span style=\"font-size: medium;\">Gr\u00f6sse:<br \/>\nGewicht:<br \/>\nHaarfarbe:<br \/>\nAugenfarbe:<br \/>\nGeburtsdatum:<br \/>\nGeburtsort:<br \/>\nWohnort:<br \/>\nSternzeichen:<br \/>\nLieblingsfarbe:<br \/>\nLieblingstier:<br \/>\nGute Eigenschaften:<br \/>\nSchlechte Eigenschaften:<br \/>\nHobbies:<br \/>\nLieblingsgetr\u00e4nk:<br \/>\nEssen:<br \/>\nLieblingsbesch\u00e4ftigung:<br \/>\nMusik:<br \/>\nSchauspieler(in):<br \/>\nMag an anderen Menschen:<br \/>\nHasst:<br \/>\nInstrumente:<\/span><\/td>\n<td style=\"width: 50%;\"><span style=\"font-size: medium;\">1,83<br \/>\n85 Kilo<br \/>\nDunkelblond<br \/>\nGraublau<br \/>\n1958<br \/>\nBerlin<br \/>\nBerlin<br \/>\nWidder<br \/>\nSchwarz und Blau<br \/>\nHund<br \/>\nHilfsbereitschaft<br \/>\n&#8220;Ich kann nicht NEIN sagen!&#8221;<br \/>\nKochen, Computer programmieren, Joggen<br \/>\nGin Tonic, Caipirinha, Wein<br \/>\nItalienisch, Asiatisch<br \/>\nProduktiv sein<br \/>\nAlles m\u00f6gliche<br \/>\nJeden der&#8217;s auch kann!<br \/>\nEhrlichkeit, moralische Festigkeit<br \/>\nIntoleranz, Geschwafel<br \/>\nStimme, Keyboards, Drums, Gitarren<\/span><\/td>\n<\/tr>\n<tr>\n<td style=\"width: 50%; text-align: right;\">\n<h4>Sven Dohrow<\/h4>\n<\/td>\n<td style=\"width: 50%;\"><span style=\"font-size: large;\"><i><img decoding=\"async\" src=\"http:\/\/www.the-twins.de\/jpg\/sven.jpg\" alt=\"\" border=\"0\"><\/i><\/span><\/td>\n<\/tr>\n<tr>\n<td style=\"width: 50%; text-align: right;\"><span style=\"font-size: medium;\">Gr\u00f6sse:<br \/>\nGewicht:<br \/>\nHaarfarbe:<br \/>\nFarbe der Augen:<br \/>\nGeburtsdatum:<br \/>\nGeburtsort:<br \/>\nWohnort:<br \/>\nSternzeichen:<br \/>\nLieblingsfarbe:<br \/>\nLieblingstier:<br \/>\nGute Eigenschaften:<br \/>\nSchlechte Eigenschaften:<br \/>\nHobbies:<br \/>\nLieblingsgetr\u00e4nk:<br \/>\nEssen:<br \/>\nLieblingsbesch\u00e4ftigung:<br \/>\nMusik:<br \/>\nSchauspieler(in):<br \/>\nMag an anderen Menschen:<br \/>\nHasst:<br \/>\nInstrumente:<\/span><\/td>\n<td style=\"width: 50%;\"><span style=\"font-size: medium;\">1,91<br \/>\n81 Kilo<br \/>\nBraun<br \/>\nBraun<br \/>\n1957<br \/>\nBerlin<br \/>\nBerlin<br \/>\nWaage<br \/>\nBlau<br \/>\nPapagei<br \/>\n&#8220;Hab ich&#8230;&#8221;<br \/>\n&#8220;Hab ich auch&#8230;&#8221;<br \/>\nSport (Fahrrad, Joggen, Golf)<br \/>\nWein<br \/>\nItalienisch<br \/>\nSport<br \/>\nRoxy Music, The Cult<br \/>\nJack McGowran<br \/>\nZuverl\u00e4ssigkeit<br \/>\nUnzuverl\u00e4ssigkeit<br \/>\nKeyboards, Gitarren<\/span><\/td>\n<\/tr>\n<\/tbody>\n<\/table>\n","protected":false},"excerpt":{"rendered":"<p>Pers\u00f6nliche Informationen \u00fcber Sven und Ronny Ronny Schreinzer Gr\u00f6sse: Gewicht: Haarfarbe: Augenfarbe: Geburtsdatum: Geburtsort: Wohnort: Sternzeichen: Lieblingsfarbe: Lieblingstier: Gute Eigenschaften: Schlechte Eigenschaften:<\/p>\n<p class=\"link-more\"><a class=\"myButt \" href=\"https:\/\/www.the-twins.de\/wpcms\/de\/twinfo-d\/\">Read More<\/a><\/p>\n","protected":false},"author":1,"featured_media":0,"parent":0,"menu_order":0,"comment_status":"closed","ping_status":"closed","template":"","meta":{"ngg_post_thumbnail":0,"footnotes":""},"class_list":["post-129","page","type-page","status-publish","hentry"],"_links":{"self":[{"href":"https:\/\/www.the-twins.de\/wpcms\/wp-json\/wp\/v2\/pages\/129","targetHints":{"allow":["GET"]}}],"collection":[{"href":"https:\/\/www.the-twins.de\/wpcms\/wp-json\/wp\/v2\/pages"}],"about":[{"href":"https:\/\/www.the-twins.de\/wpcms\/wp-json\/wp\/v2\/types\/page"}],"author":[{"embeddable":true,"href":"https:\/\/www.the-twins.de\/wpcms\/wp-json\/wp\/v2\/users\/1"}],"replies":[{"embeddable":true,"href":"https:\/\/www.the-twins.de\/wpcms\/wp-json\/wp\/v2\/comments?post=129"}],"version-history":[{"count":18,"href":"https:\/\/www.the-twins.de\/wpcms\/wp-json\/wp\/v2\/pages\/129\/revisions"}],"predecessor-version":[{"id":3794,"href":"https:\/\/www.the-twins.de\/wpcms\/wp-json\/wp\/v2\/pages\/129\/revisions\/3794"}],"wp:attachment":[{"href":"https:\/\/www.the-twins.de\/wpcms\/wp-json\/wp\/v2\/media?parent=129"}],"curies":[{"name":"wp","href":"https:\/\/api.w.org\/{rel}","templated":true}]}}