{"id":60,"date":"2017-07-31T10:47:41","date_gmt":"2017-07-31T10:47:41","guid":{"rendered":"http:\/\/www.the-twins.de\/wpcms\/?page_id=60"},"modified":"2023-09-22T17:39:17","modified_gmt":"2023-09-22T15:39:17","slug":"discographie","status":"publish","type":"page","link":"https:\/\/www.the-twins.de\/wpcms\/de\/discographie\/","title":{"rendered":"Discographie"},"content":{"rendered":"<div class=\"fullwidth\">\n<div class=\"article_preview\">\n<div class=\"fullwidth article_preview_contents restore\">\n<div id=\"yui-gen1\" class=\"cms_article_txt_content postcontainer\">\n<p><span style=\"font-size: 10pt;\">Die folgende Liste repr\u00e4sentiert einen groben \u00dcberblick \u00fcber die offiziellen The Twins Ver\u00f6ffentlichungen:<\/span><\/p>\n<div class=\"cms_table\">\n<div class=\"fullwidth\">\n<table style=\"border-collapse: collapse; width: 100%; height: 169px;\">\n<tbody>\n<tr class=\"cms_table_grid_tr\" style=\"height: 23px;\" valign=\"top\">\n<td class=\"cms_table_grid_td\" style=\"width: 41.033%; height: 23px;\"><span style=\"font-size: 10pt;\"><b>7&#8243; und 12&#8243; Vinyl<br \/>\n<\/b><\/span><\/td>\n<td class=\"cms_table_grid_td\" style=\"width: 31.0102%; height: 23px;\"><span style=\"font-size: 10pt;\"><b>Label (Vertrieb)<\/b><\/span><\/td>\n<td class=\"cms_table_grid_td\" style=\"width: 51.6493%; height: 23px;\"><span style=\"font-size: 10pt;\"><b>Ver\u00f6ffentlicht<\/b><\/span><\/td>\n<\/tr>\n<tr class=\"cms_table_grid_tr\" valign=\"top\">\n<td class=\"cms_table_grid_td\" style=\"width: 41.033%;\">Runaway (7\u2033 only)<br \/>\nThe Desert Place<br \/>\nBirds and Dogs<br \/>\nFace To Face \u2013 Heart To Heart<br \/>\nNot The Loving Kind<br \/>\nBallet Dancer<br \/>\nLove System<br \/>\nThe Game Of Chance<br \/>\nLove In The Dark<br \/>\nDeep Within My Heart<br \/>\nTime Will Tell<br \/>\nHold On To Your Dreams<br \/>\nOne Day<\/td>\n<td class=\"cms_table_grid_td\" style=\"width: 31.0102%;\">Berlin Rock News<br \/>\nHansa (Ariola)<br \/>\nHansa (Ariola)<br \/>\nHansa (Ariola)<br \/>\nHansa (Ariola)<br \/>\nHansa (Ariola)<br \/>\nHansa (Ariola)<br \/>\nHansa (Ariola)<br \/>\nHansa (Ariola)<br \/>\nHansa (Ariola)<br \/>\nCBS<br \/>\nCBS<br \/>\nCBS<\/td>\n<td class=\"cms_table_grid_td\" style=\"width: 51.6493%;\">1980<br \/>\n1981<br \/>\n1982<br \/>\n1982<br \/>\n1983<br \/>\n1983<br \/>\n1984<br \/>\n1984<br \/>\n1985<br \/>\n1985<br \/>\n1987<br \/>\n1987<br \/>\n1988<\/td>\n<\/tr>\n<tr class=\"cms_table_grid_tr\" style=\"height: 23px;\" valign=\"top\">\n<td class=\"cms_table_grid_td\" style=\"width: 41.033%; height: 23px;\"><span style=\"font-size: 10pt;\"><b>7&#8243; Single, 12&#8243; Vinyl und Single-CD<\/b><\/span><\/td>\n<td class=\"cms_table_grid_td\" style=\"width: 31.0102%; height: 23px;\"><span style=\"font-size: 10pt;\"><b>Label (Vertrieb)<\/b><\/span><\/td>\n<td class=\"cms_table_grid_td\" style=\"width: 51.6493%; height: 23px;\"><span style=\"font-size: 10pt;\"><b>Ver\u00f6ffentlicht<\/b><\/span><\/td>\n<\/tr>\n<tr class=\"cms_table_grid_tr\" valign=\"top\">\n<td class=\"cms_table_grid_td\" style=\"width: 41.033%;\">Not The Loving Kind (Remix)<br \/>\nBallet Dancer (Remix)<br \/>\nTonight<br \/>\nLove Is Blind<br \/>\nBallet Dancer (Latino Mix)<\/td>\n<td class=\"cms_table_grid_td\" style=\"width: 31.0102%;\">Hansa (Ariola)<br \/>\nHansa (Ariola)<br \/>\nHansa (Ariola)<br \/>\nHansa (Ariola)<br \/>\nPassion Factory (da-music)<\/td>\n<td class=\"cms_table_grid_td\" style=\"width: 51.6493%;\">1991<br \/>\n1991<br \/>\n1993<br \/>\n1994<br \/>\n2006<\/td>\n<\/tr>\n<tr class=\"cms_table_grid_tr\" style=\"height: 23px;\" valign=\"top\">\n<td class=\"cms_table_grid_td\" style=\"width: 41.033%; height: 23px;\"><span style=\"font-size: 10pt;\"><b>LP&#8217;s, Cassetten, CD&#8217;s<\/b><\/span><\/td>\n<td class=\"cms_table_grid_td\" style=\"width: 31.0102%; height: 23px;\"><span style=\"font-size: 10pt;\"><b>Label (Vertrieb)<\/b><\/span><\/td>\n<td class=\"cms_table_grid_td\" style=\"width: 51.6493%; height: 23px;\"><span style=\"font-size: 10pt;\"><b>Ver\u00f6ffentlicht<\/b><\/span><\/td>\n<\/tr>\n<tr class=\"cms_table_grid_tr\" valign=\"top\">\n<td class=\"cms_table_grid_td\" style=\"width: 41.033%;\">Passion Factory (Vinyl &amp; CD)<br \/>\nModern Lifestyle (Vinyl &amp;&nbsp;CD)<br \/>\nA Wild Romance (Vinyl &amp; CD)<br \/>\nUntil The End Of Time (Vinyl &amp; CD)<br \/>\nHold On To Your Dreams (Vinyl &amp;&nbsp;CD)<br \/>\nThe Classics \u2013 Remixed (CD)<br \/>\nThe Impossible Dream (CD)<br \/>\n12\u2033 Classics (CD)<br \/>\nBallet Dancer (CD, Best of..)<br \/>\nLive in Sweden \u2013 CD<br \/>\n12\u2033 Classics and rare tracks (Double-CD)<br \/>\nSingles Collection (Double-CD)<br \/>\nThe Impossible Dream (Double-CD)<br \/>\nLiving For The Future (CD, Vinyl, Boxset)<\/td>\n<td class=\"cms_table_grid_td\" style=\"width: 31.0102%;\">Hansa (Ariola)<br \/>\nHansa (Ariola)<br \/>\nHansa (Ariola)<br \/>\nHansa (Ariola)<br \/>\nCBS<br \/>\nHansa (Ariola)<br \/>\nHansa (Ariola)<br \/>\nPassion Factory Records<br \/>\nBMG Ariola<br \/>\nPassion Factory (da-music)<br \/>\nPassion Factory (da-music)<br \/>\nPassion Factory (da-music)<br \/>\nPassion Factory (da-music)<br \/>\nPassion Factory (da-music)<\/td>\n<td class=\"cms_table_grid_td\" style=\"width: 51.6493%;\">1981*<br \/>\n1982*<br \/>\n1983*<br \/>\n1985*<br \/>\n1987*<br \/>\n1991<br \/>\n1993<br \/>\n1994<br \/>\n1998<br \/>\n2005<br \/>\n2006<br \/>\n2008<br \/>\n2011<br \/>\n2018<\/td>\n<\/tr>\n<tr style=\"height: 20px;\">\n<td style=\"width: 41.033%; height: 20px;\"><strong><span style=\"font-size: 10pt;\">DVD Videos<\/span><\/strong><\/td>\n<td style=\"width: 31.0102%; height: 20px;\"><strong><span style=\"font-size: 10pt;\">Label (Vertrieb)<\/span><\/strong><\/td>\n<td style=\"width: 51.6493%; height: 20px;\"><strong><span style=\"font-size: 10pt;\">Ver\u00f6ffentlicht<\/span><\/strong><\/td>\n<\/tr>\n<tr>\n<td style=\"width: 41.033%;\">Live in Sweden (DVD)<br \/>\nVideo Classics and rare clips (DVD)<\/td>\n<td style=\"width: 31.0102%;\">Passion Factory (da-music)<br \/>\nPassion Factory (da-music)<\/td>\n<td style=\"width: 51.6493%;\">2006<br \/>\n2009<\/td>\n<\/tr>\n<tr style=\"height: 62px;\">\n<td style=\"width: 123.692%; height: 10px;\" colspan=\"3\">* Wiederver\u00f6ffentlicht auf CD seit 1994<br \/>\nEine umfangreichere Liste der weltweiten Ver\u00f6ffentlichungen, zusammen gestellt von Matt Herwig, findest Du <a href=\"https:\/\/www.the-twins.de\/wpcms\/matt-herwigs-list\/\">hier<\/a><\/td>\n<\/tr>\n<\/tbody>\n<\/table>\n<\/div>\n<\/div>\n<\/div>\n<\/div>\n<\/div>\n<\/div>\n","protected":false},"excerpt":{"rendered":"<p>Die folgende Liste repr\u00e4sentiert einen groben \u00dcberblick \u00fcber die offiziellen The Twins Ver\u00f6ffentlichungen: 7&#8243; und 12&#8243; Vinyl Label (Vertrieb) Ver\u00f6ffentlicht Runaway (7\u2033<\/p>\n<p class=\"link-more\"><a class=\"myButt \" href=\"https:\/\/www.the-twins.de\/wpcms\/de\/discographie\/\">Read More<\/a><\/p>\n","protected":false},"author":1,"featured_media":0,"parent":0,"menu_order":0,"comment_status":"closed","ping_status":"closed","template":"","meta":{"ngg_post_thumbnail":0,"footnotes":""},"class_list":["post-60","page","type-page","status-publish","hentry"],"_links":{"self":[{"href":"https:\/\/www.the-twins.de\/wpcms\/wp-json\/wp\/v2\/pages\/60","targetHints":{"allow":["GET"]}}],"collection":[{"href":"https:\/\/www.the-twins.de\/wpcms\/wp-json\/wp\/v2\/pages"}],"about":[{"href":"https:\/\/www.the-twins.de\/wpcms\/wp-json\/wp\/v2\/types\/page"}],"author":[{"embeddable":true,"href":"https:\/\/www.the-twins.de\/wpcms\/wp-json\/wp\/v2\/users\/1"}],"replies":[{"embeddable":true,"href":"https:\/\/www.the-twins.de\/wpcms\/wp-json\/wp\/v2\/comments?post=60"}],"version-history":[{"count":42,"href":"https:\/\/www.the-twins.de\/wpcms\/wp-json\/wp\/v2\/pages\/60\/revisions"}],"predecessor-version":[{"id":3960,"href":"https:\/\/www.the-twins.de\/wpcms\/wp-json\/wp\/v2\/pages\/60\/revisions\/3960"}],"wp:attachment":[{"href":"https:\/\/www.the-twins.de\/wpcms\/wp-json\/wp\/v2\/media?parent=60"}],"curies":[{"name":"wp","href":"https:\/\/api.w.org\/{rel}","templated":true}]}}